{"id":176,"date":"2014-09-10T20:15:23","date_gmt":"2014-09-10T19:15:23","guid":{"rendered":"http:\/\/kouskeol.fr\/?page_id=176"},"modified":"2014-11-16T18:41:12","modified_gmt":"2014-11-16T17:41:12","slug":"bout-dehors","status":"publish","type":"page","link":"http:\/\/kouskeol.fr\/?page_id=176","title":{"rendered":"Bout-dehors"},"content":{"rendered":"<p>Pour le Code D, il nous faut un bout-dehors. Un rapide tour des solutions standard\/kits nous convainc qu&rsquo;il faut en faire un sur mesure.<\/p>\n<p>En effet, les solutions \u00ab\u00a0standard\u00a0\u00bb ne nous paraissent pas suffisamment solides, ou bien n\u00e9cessitent des modifications et des soudures au niveau du davier: notre code D fait presque 160m\u00b2&#8230;<\/p>\n<p>Nous partons sur un tube inox de 80mm de diam\u00e8tre (\u00e9paisseur 3mm) sur 1,30m de long.<br \/>\nLe diam\u00e8tre du tube correspond \u00e0 la largeur des joues du davier, c\u00f4t\u00e9 b\u00e2bord (2e mouillage): pas de d\u00e9placement lat\u00e9ral.<br \/>\nLe tube s&rsquo;appuie sur le r\u00e9a de la cha\u00eene. Une patte soud\u00e9e au tube glisse sous le r\u00e9a pour bloquer le bout-dehors \u00e0 l&rsquo;horizontale, et ainsi l&#8217;emp\u00eacher de se soulever. Un anneau est soud\u00e9 sous la partie avant, pour installer une sous-barbe si n\u00e9cessaire.<br \/>\nUne autre patte est soud\u00e9e \u00e0 l&rsquo;arri\u00e8re du tube, qui passe sous un \u00e9trier fix\u00e9 \u00e0 plat-pont pour emp\u00eacher le bout-dehors de partir vers l&rsquo;avant: un trou est perc\u00e9 dans l&rsquo;\u00e9trier et la patte, et un boulon sert de goupille pour bloquer le tout.<\/p>\n<p>Ceci permet aussi de d\u00e9monter facilement le bout-dehors afin de lib\u00e9rer l&rsquo;acc\u00e8s \u00e0 la baille \u00e0 mouillage.<\/p>\n<p><img loading=\"lazy\" decoding=\"async\" class=\"CtreTexte aligncenter\" src=\"http:\/\/img.over-blog.com\/500x246\/4\/03\/58\/31\/BoutDehors-copie-1.png\" alt=\"BoutDehors-copie-1.png\" width=\"500\" height=\"246\" \/><\/p>\n<p>La r\u00e9alisation est confi\u00e9e \u00e0 <em>Icome Inox<\/em> \u00e0 Toulon.<\/p>\n<p>Et voici le r\u00e9sultat:<\/p>\n<figure id=\"attachment_177\" aria-describedby=\"caption-attachment-177\" style=\"width: 289px\" class=\"wp-caption aligncenter\"><a href=\"http:\/\/kouskeol.fr\/wp-content\/uploads\/2014\/09\/BoutDehors03.jpg\" target=\"_blank\"><img loading=\"lazy\" decoding=\"async\" class=\"wp-image-177 size-medium\" src=\"http:\/\/kouskeol.fr\/wp-content\/uploads\/2014\/09\/BoutDehors03-289x300.jpg\" alt=\"BoutDehors03\" width=\"289\" height=\"300\" srcset=\"http:\/\/kouskeol.fr\/wp-content\/uploads\/2014\/09\/BoutDehors03-289x300.jpg 289w, http:\/\/kouskeol.fr\/wp-content\/uploads\/2014\/09\/BoutDehors03-988x1024.jpg 988w, http:\/\/kouskeol.fr\/wp-content\/uploads\/2014\/09\/BoutDehors03-600x621.jpg 600w, http:\/\/kouskeol.fr\/wp-content\/uploads\/2014\/09\/BoutDehors03.jpg 1052w\" sizes=\"auto, (max-width: 289px) 100vw, 289px\" \/><\/a><figcaption id=\"caption-attachment-177\" class=\"wp-caption-text\">Le bout-dehors install\u00e9 entre les joues du davier.<\/figcaption><\/figure>\n<figure id=\"attachment_178\" aria-describedby=\"caption-attachment-178\" style=\"width: 300px\" class=\"wp-caption aligncenter\"><a href=\"http:\/\/kouskeol.fr\/wp-content\/uploads\/2014\/09\/BoutDehors04.jpg\" target=\"_blank\"><img loading=\"lazy\" decoding=\"async\" class=\"wp-image-178 size-medium\" src=\"http:\/\/kouskeol.fr\/wp-content\/uploads\/2014\/09\/BoutDehors04-300x146.jpg\" alt=\"BoutDehors04\" width=\"300\" height=\"146\" srcset=\"http:\/\/kouskeol.fr\/wp-content\/uploads\/2014\/09\/BoutDehors04-300x146.jpg 300w, http:\/\/kouskeol.fr\/wp-content\/uploads\/2014\/09\/BoutDehors04-1024x501.jpg 1024w, http:\/\/kouskeol.fr\/wp-content\/uploads\/2014\/09\/BoutDehors04-600x293.jpg 600w, http:\/\/kouskeol.fr\/wp-content\/uploads\/2014\/09\/BoutDehors04.jpg 1520w\" sizes=\"auto, (max-width: 300px) 100vw, 300px\" \/><\/a><figcaption id=\"caption-attachment-178\" class=\"wp-caption-text\">Aper\u00e7u de la patte de blocage sous le r\u00e9a du davier.<\/figcaption><\/figure>\n<figure id=\"attachment_179\" aria-describedby=\"caption-attachment-179\" style=\"width: 300px\" class=\"wp-caption aligncenter\"><a href=\"http:\/\/kouskeol.fr\/wp-content\/uploads\/2014\/09\/BoutDehors05.jpg\" target=\"_blank\"><img loading=\"lazy\" decoding=\"async\" class=\"wp-image-179 size-medium\" src=\"http:\/\/kouskeol.fr\/wp-content\/uploads\/2014\/09\/BoutDehors05-300x127.jpg\" alt=\"BoutDehors05\" width=\"300\" height=\"127\" srcset=\"http:\/\/kouskeol.fr\/wp-content\/uploads\/2014\/09\/BoutDehors05-300x127.jpg 300w, http:\/\/kouskeol.fr\/wp-content\/uploads\/2014\/09\/BoutDehors05-1024x433.jpg 1024w, http:\/\/kouskeol.fr\/wp-content\/uploads\/2014\/09\/BoutDehors05-600x254.jpg 600w, http:\/\/kouskeol.fr\/wp-content\/uploads\/2014\/09\/BoutDehors05.jpg 1600w\" sizes=\"auto, (max-width: 300px) 100vw, 300px\" \/><\/a><figcaption id=\"caption-attachment-179\" class=\"wp-caption-text\">Le bout-dehors.<\/figcaption><\/figure>\n<figure id=\"attachment_180\" aria-describedby=\"caption-attachment-180\" style=\"width: 213px\" class=\"wp-caption aligncenter\"><a href=\"http:\/\/kouskeol.fr\/wp-content\/uploads\/2014\/09\/BoutDehors06.jpg\" target=\"_blank\"><img loading=\"lazy\" decoding=\"async\" class=\"wp-image-180 size-medium\" src=\"http:\/\/kouskeol.fr\/wp-content\/uploads\/2014\/09\/BoutDehors06-213x300.jpg\" alt=\"BoutDehors06\" width=\"213\" height=\"300\" srcset=\"http:\/\/kouskeol.fr\/wp-content\/uploads\/2014\/09\/BoutDehors06-213x300.jpg 213w, http:\/\/kouskeol.fr\/wp-content\/uploads\/2014\/09\/BoutDehors06-728x1024.jpg 728w, http:\/\/kouskeol.fr\/wp-content\/uploads\/2014\/09\/BoutDehors06-600x843.jpg 600w, http:\/\/kouskeol.fr\/wp-content\/uploads\/2014\/09\/BoutDehors06.jpg 869w\" sizes=\"auto, (max-width: 213px) 100vw, 213px\" \/><\/a><figcaption id=\"caption-attachment-180\" class=\"wp-caption-text\">La patte de blocage.<\/figcaption><\/figure>\n<figure id=\"attachment_181\" aria-describedby=\"caption-attachment-181\" style=\"width: 300px\" class=\"wp-caption aligncenter\"><a href=\"http:\/\/kouskeol.fr\/wp-content\/uploads\/2014\/09\/BoutDehors07.jpg\" target=\"_blank\"><img loading=\"lazy\" decoding=\"async\" class=\"wp-image-181 size-medium\" src=\"http:\/\/kouskeol.fr\/wp-content\/uploads\/2014\/09\/BoutDehors07-300x269.jpg\" alt=\"BoutDehors07\" width=\"300\" height=\"269\" srcset=\"http:\/\/kouskeol.fr\/wp-content\/uploads\/2014\/09\/BoutDehors07-300x269.jpg 300w, http:\/\/kouskeol.fr\/wp-content\/uploads\/2014\/09\/BoutDehors07-600x538.jpg 600w, http:\/\/kouskeol.fr\/wp-content\/uploads\/2014\/09\/BoutDehors07.jpg 1010w\" sizes=\"auto, (max-width: 300px) 100vw, 300px\" \/><\/a><figcaption id=\"caption-attachment-181\" class=\"wp-caption-text\">L&rsquo;\u00e9trier de fixation.<\/figcaption><\/figure>\n<figure id=\"attachment_182\" aria-describedby=\"caption-attachment-182\" style=\"width: 300px\" class=\"wp-caption aligncenter\"><a href=\"http:\/\/kouskeol.fr\/wp-content\/uploads\/2014\/09\/CodeD-1.jpg\" target=\"_blank\"><img loading=\"lazy\" decoding=\"async\" class=\"wp-image-182 size-medium\" src=\"http:\/\/kouskeol.fr\/wp-content\/uploads\/2014\/09\/CodeD-1-300x224.jpg\" alt=\"CodeD-1\" width=\"300\" height=\"224\" srcset=\"http:\/\/kouskeol.fr\/wp-content\/uploads\/2014\/09\/CodeD-1-300x224.jpg 300w, http:\/\/kouskeol.fr\/wp-content\/uploads\/2014\/09\/CodeD-1-1024x767.jpg 1024w, http:\/\/kouskeol.fr\/wp-content\/uploads\/2014\/09\/CodeD-1-600x449.jpg 600w, http:\/\/kouskeol.fr\/wp-content\/uploads\/2014\/09\/CodeD-1.jpg 1600w\" sizes=\"auto, (max-width: 300px) 100vw, 300px\" \/><\/a><figcaption id=\"caption-attachment-182\" class=\"wp-caption-text\">Premier essai avec le Code D<\/figcaption><\/figure>\n<p>Le Code D, de chez <em>Delta Voile<\/em> \u00e0 Hy\u00e8res, fait 155m\u00b2. Les essais se sont d\u00e9roul\u00e9s par 12 nds de vent, entre 60\u00b0 et 160\u00b0 du vent. Kousk Eol est mont\u00e9 \u00e0 9 nds, et le bout-dehors n&rsquo;a pas bronch\u00e9&#8230;<\/p>\n","protected":false},"excerpt":{"rendered":"<p>Pour le Code D, il nous faut un bout-dehors. Un rapide tour des solutions standard\/kits nous convainc qu&rsquo;il faut en faire un sur mesure. En effet, les solutions \u00ab\u00a0standard\u00a0\u00bb ne nous paraissent pas suffisamment solides, ou bien n\u00e9cessitent des modifications et des soudures au niveau du davier: notre code D fait presque 160m\u00b2&#8230; Nous partons &hellip; <a href=\"http:\/\/kouskeol.fr\/?page_id=176\" class=\"more-link\">Continuer la lecture de <span class=\"screen-reader-text\">Bout-dehors<\/span>  <span class=\"meta-nav\">&rarr;<\/span><\/a><\/p>\n","protected":false},"author":1,"featured_media":0,"parent":7,"menu_order":35,"comment_status":"open","ping_status":"open","template":"","meta":{"ngg_post_thumbnail":0,"footnotes":""},"class_list":["post-176","page","type-page","status-publish","hentry"],"_links":{"self":[{"href":"http:\/\/kouskeol.fr\/index.php?rest_route=\/wp\/v2\/pages\/176","targetHints":{"allow":["GET"]}}],"collection":[{"href":"http:\/\/kouskeol.fr\/index.php?rest_route=\/wp\/v2\/pages"}],"about":[{"href":"http:\/\/kouskeol.fr\/index.php?rest_route=\/wp\/v2\/types\/page"}],"author":[{"embeddable":true,"href":"http:\/\/kouskeol.fr\/index.php?rest_route=\/wp\/v2\/users\/1"}],"replies":[{"embeddable":true,"href":"http:\/\/kouskeol.fr\/index.php?rest_route=%2Fwp%2Fv2%2Fcomments&post=176"}],"version-history":[{"count":5,"href":"http:\/\/kouskeol.fr\/index.php?rest_route=\/wp\/v2\/pages\/176\/revisions"}],"predecessor-version":[{"id":1924,"href":"http:\/\/kouskeol.fr\/index.php?rest_route=\/wp\/v2\/pages\/176\/revisions\/1924"}],"up":[{"embeddable":true,"href":"http:\/\/kouskeol.fr\/index.php?rest_route=\/wp\/v2\/pages\/7"}],"wp:attachment":[{"href":"http:\/\/kouskeol.fr\/index.php?rest_route=%2Fwp%2Fv2%2Fmedia&parent=176"}],"curies":[{"name":"wp","href":"https:\/\/api.w.org\/{rel}","templated":true}]}}