{"id":1860,"date":"2014-09-10T20:00:33","date_gmt":"2014-09-10T19:00:33","guid":{"rendered":"http:\/\/kouskeol.fr\/?page_id=1860"},"modified":"2014-10-30T11:13:34","modified_gmt":"2014-10-30T10:13:34","slug":"le-mouillage","status":"publish","type":"page","link":"http:\/\/kouskeol.fr\/?page_id=1860","title":{"rendered":"Le mouillage"},"content":{"rendered":"<p>Le voyage que nous entreprenons fait que nous ne dormirons pas souvent dans un port&#8230; Et nous ne serons pas toujours dans des mouillages tranquilles!<\/p>\n<p>Il faut donc soigner particuli\u00e8rement les moyens&#8230;<\/p>\n<h4>Les ancres<\/h4>\n<p>Nous avons 3 ancres \u00e0 bord:<\/p>\n<ul>\n<li>L&rsquo;ancre principale, une Delta de 20Kg, \u00e0 poste sur le davier tribord, avec 50m de chaine et autant de c\u00e2blot dans la baille \u00e0 mouillage. C&rsquo;est une ancre que nous connaissons bien, relativement fiable en toutes conditions.<\/li>\n<li>Une 2e ancre type Delta, elle aussi de 20Kg, avec 10m de chaine et 60m de c\u00e2blot. Elle est rang\u00e9e dans la baille \u00e0 mouillage dans un espace au dessus de la chaine de l&rsquo;ancre principale (sans g\u00eaner la rentr\u00e9e de la chaine). Nous l&rsquo;utilisons en affourchage avec l&rsquo;ancre principale dans les mouillages peu s\u00fbrs (par exemple tr\u00e8s expos\u00e9s aux vents).<\/li>\n<li>Nous avons aussi une 3e ancre de type Fortress en alu, FX 37 de 10Kg, mont\u00e9e avec du c\u00e2blot, \u00e0 poste \u00e0 l&rsquo;arri\u00e8re. Malgr\u00e9 sa l\u00e9g\u00e8ret\u00e9, elle est d&rsquo;une efficacit\u00e9 redoutable! Et gr\u00e2ce \u00e0 cette l\u00e9g\u00e8ret\u00e9 (d&rsquo;accord: relative!), elle est facilement transportable, par exemple avec l&rsquo;annexe.<\/li>\n<\/ul>\n<h4>Les amarres<\/h4>\n<p>Nous avons, en plus de 4 amarres de 20m utilis\u00e9es principalement dans les ports, deux amarres de 100m et 60m que nous avons beaucoup utilis\u00e9 dans les canaux de Patagonie, pour s\u00e9curiser le bateau dans les mouillages \u00e9troits avec des fonds ne permettant pas d&rsquo;\u00e9viter&#8230;<\/p>\n<p>Les deux amarres longues sont rang\u00e9es dans des sacs fix\u00e9s sur les balcons arri\u00e8re, permettant de d\u00e9vider et ranger facilement. C&rsquo;est moins encombrant que des enrouleurs, pas cher, et pratique \u00e0 l&rsquo;utilisation&#8230;<\/p>\n<p><a href=\"http:\/\/kouskeol.fr\/wp-content\/uploads\/2014\/03\/ob_2c951c_sacamarres.jpg\" target=\"_blank\"><img loading=\"lazy\" decoding=\"async\" class=\"alignnone wp-image-491 size-thumbnail\" src=\"http:\/\/kouskeol.fr\/wp-content\/uploads\/2014\/03\/ob_2c951c_sacamarres-150x150.jpg\" alt=\"ob_2c951c_sacamarres\" width=\"150\" height=\"150\" \/> <\/a><a href=\"http:\/\/kouskeol.fr\/wp-content\/uploads\/2014\/09\/Chili-Magellan-BahiaMussel1.jpg\" target=\"_blank\"><img loading=\"lazy\" decoding=\"async\" class=\"alignnone wp-image-270 size-thumbnail\" src=\"http:\/\/kouskeol.fr\/wp-content\/uploads\/2014\/09\/Chili-Magellan-BahiaMussel1-150x150.jpg\" alt=\"Chili-Magellan-BahiaMussel1\" width=\"150\" height=\"150\" \/><\/a><\/p>\n<p><em>Les \u00ab\u00a0sacs \u00e0 mouillage\u00a0\u00bb, amarre rang\u00e9e et en utilisation.<\/em><\/p>\n<p>Il nous est arriv\u00e9 (par exemple \u00e0 <em>Bahia Mansa<\/em> au Sud de Punta Arenas) d&rsquo;avoir \u00e0 mettre plus de 150m d&rsquo;amarre \u00e0 terre, mouillage sur ancre: c&rsquo;est bien de savoir faire des n\u0153uds!<\/p>\n<p>&nbsp;<\/p>\n<p>&nbsp;<\/p>\n","protected":false},"excerpt":{"rendered":"<p>Le voyage que nous entreprenons fait que nous ne dormirons pas souvent dans un port&#8230; Et nous ne serons pas toujours dans des mouillages tranquilles! Il faut donc soigner particuli\u00e8rement les moyens&#8230; Les ancres Nous avons 3 ancres \u00e0 bord: L&rsquo;ancre principale, une Delta de 20Kg, \u00e0 poste sur le davier tribord, avec 50m de &hellip; <a href=\"http:\/\/kouskeol.fr\/?page_id=1860\" class=\"more-link\">Continuer la lecture de <span class=\"screen-reader-text\">Le mouillage<\/span>  <span class=\"meta-nav\">&rarr;<\/span><\/a><\/p>\n","protected":false},"author":1,"featured_media":0,"parent":7,"menu_order":30,"comment_status":"open","ping_status":"open","template":"","meta":{"ngg_post_thumbnail":0,"footnotes":""},"class_list":["post-1860","page","type-page","status-publish","hentry"],"_links":{"self":[{"href":"http:\/\/kouskeol.fr\/index.php?rest_route=\/wp\/v2\/pages\/1860","targetHints":{"allow":["GET"]}}],"collection":[{"href":"http:\/\/kouskeol.fr\/index.php?rest_route=\/wp\/v2\/pages"}],"about":[{"href":"http:\/\/kouskeol.fr\/index.php?rest_route=\/wp\/v2\/types\/page"}],"author":[{"embeddable":true,"href":"http:\/\/kouskeol.fr\/index.php?rest_route=\/wp\/v2\/users\/1"}],"replies":[{"embeddable":true,"href":"http:\/\/kouskeol.fr\/index.php?rest_route=%2Fwp%2Fv2%2Fcomments&post=1860"}],"version-history":[{"count":3,"href":"http:\/\/kouskeol.fr\/index.php?rest_route=\/wp\/v2\/pages\/1860\/revisions"}],"predecessor-version":[{"id":1898,"href":"http:\/\/kouskeol.fr\/index.php?rest_route=\/wp\/v2\/pages\/1860\/revisions\/1898"}],"up":[{"embeddable":true,"href":"http:\/\/kouskeol.fr\/index.php?rest_route=\/wp\/v2\/pages\/7"}],"wp:attachment":[{"href":"http:\/\/kouskeol.fr\/index.php?rest_route=%2Fwp%2Fv2%2Fmedia&parent=1860"}],"curies":[{"name":"wp","href":"https:\/\/api.w.org\/{rel}","templated":true}]}}