{"id":188,"date":"2014-09-10T20:39:26","date_gmt":"2014-09-10T19:39:26","guid":{"rendered":"http:\/\/kouskeol.fr\/?page_id=188"},"modified":"2019-10-10T08:09:52","modified_gmt":"2019-10-10T07:09:52","slug":"le-voyage","status":"publish","type":"page","link":"http:\/\/kouskeol.fr\/?page_id=188","title":{"rendered":"Le voyage pr\u00e9vu&#8230;"},"content":{"rendered":"<p><span style=\"color: #ff0000;\"><strong><span style=\"text-decoration: underline;\"><em>MaJ d&rsquo;octobre 2019<\/em><\/strong><\/span><\/p>\n<p>A l&rsquo;origine, ce blog avait \u00e9t\u00e9 cr\u00e9\u00e9 pour raconter le tour du monde de Kousk Eol. Ce tour du monde s&rsquo;est achev\u00e9 en 2017: il \u00e9tait temps de passer \u00e0 d&rsquo;autres projets! Et en particulier une travers\u00e9e vers la Guadeloupe par la route des aliz\u00e9s&#8230;<\/p>\n<p><span style=\"color: #ff0000;\"><strong><span style=\"text-decoration: underline;\"><em>MaJ de d\u00e9cembre 2017<\/em><\/span><\/strong><\/span><\/p>\n<p>Cette fois , \u00e7a y est: Kousk Eol est rentr\u00e9 \u00e0 Toulon depuis le 1er juillet, avec son \u00e9quipage de d\u00e9part. \u00c9tonnant, non?<\/p>\n<p>Le blog restera ouvert, et sera compl\u00e9t\u00e9, de temps en temps, par de nouveaux articles&#8230;<\/p>\n<p><strong><span style=\"text-decoration: underline;\"><em><span style=\"color: #ff0000; text-decoration: underline;\">MaJ du 1er janvier 2017<\/span><\/em><\/span><\/strong><\/p>\n<p>Apr\u00e8s trois semaines de pause en m\u00e9tropole, nous reprenons l&rsquo;avion pour le Cap: Kousk Eol nous attend dans la marina du False Bay Yacht Club de Simon&rsquo;s Town. Comme d&rsquo;habitude, voici le programme des prochaines semaines:<\/p>\n<ul>\n<li>Visite de la r\u00e9gion du Cap et de la Namibie en janvier 2017.<\/li>\n<li>Puis quelques r\u00e9parations avant de reprendre la mer.<\/li>\n<li>D\u00e9but f\u00e9vrier: d\u00e9part vers la Martinique an passant par L\u00fcderitz, Ste H\u00e9l\u00e8ne, Fernando de Noronha. Arriv\u00e9e en Martinique pr\u00e9vue d\u00e9but avril.<\/li>\n<li>Puis probablement retour vers Toulon autour de mi-mai.<\/li>\n<\/ul>\n<p>On vous tient au courant, comme d&rsquo;hab&#8230;<\/p>\n<p><strong><em><span style=\"text-decoration: underline;\"><span style=\"color: #ff0000; text-decoration: underline;\">MaJ du 15f\u00e9vrier 2016<\/span><\/span><\/em><\/strong><\/p>\n<p>L&rsquo;heure du re-d\u00e9part approche! Kousk Eol nous attend, gr\u00e2ce \u00e0 Maurice, sagement \u00e0 Papeete o\u00f9 nous devons le rejoindre le 18 avril 2016. Le programme (approximatif: vous nous connaissez!) sera le suivant:<\/p>\n<ul>\n<li>Avril 2016: pr\u00e9paration de Kousk Eol. Re-gr\u00e9er, nettoyage coque, vidange moteur, &#8230;<\/li>\n<li>D\u00e9but mai: d\u00e9part vers Noum\u00e9a en passant par les Samoa, Wallis, les Fidji, le Vanuatu, les \u00eeles de la Loyaut\u00e9&#8230; Imp\u00e9ratif: \u00eatre \u00e0 Noum\u00e9a le 1er juillet pour accueillir MarieJo et Cathy.<\/li>\n<li>D\u00e9but ao\u00fbt: d\u00e9part vers l&rsquo;\u00eele Maurice o\u00f9 nous sommes attendus le 1er novembre 2016. grosse \u00e9tape avec la travers\u00e9e de l&rsquo;Oc\u00e9an Indien.<\/li>\n<li>A partir de l\u00e0, le flou s&rsquo;installe&#8230; La suite sera vers la R\u00e9union, puis Durban, le Cap et la remont\u00e9e de l&rsquo;Atlantique.&nbsp; More to come!<\/li>\n<\/ul>\n<figure id=\"attachment_3339\" aria-describedby=\"caption-attachment-3339\" style=\"width: 300px\" class=\"wp-caption aligncenter\"><a href=\"http:\/\/kouskeol.fr\/wp-content\/uploads\/2016\/02\/trajet02.png\" target=\"_blank\" rel=\"attachment noopener wp-att-3339 noreferrer\"><img loading=\"lazy\" decoding=\"async\" class=\"wp-image-3339 size-medium\" src=\"http:\/\/kouskeol.fr\/wp-content\/uploads\/2016\/02\/trajet02-300x160.png\" alt=\"trajet02\" width=\"300\" height=\"160\" srcset=\"http:\/\/kouskeol.fr\/wp-content\/uploads\/2016\/02\/trajet02-300x160.png 300w, http:\/\/kouskeol.fr\/wp-content\/uploads\/2016\/02\/trajet02-768x410.png 768w, http:\/\/kouskeol.fr\/wp-content\/uploads\/2016\/02\/trajet02.png 960w\" sizes=\"auto, (max-width: 300px) 100vw, 300px\" \/><\/a><figcaption id=\"caption-attachment-3339\" class=\"wp-caption-text\">Planning pour les prochains mois<\/figcaption><\/figure>\n<h5><span style=\"color: #ff0000;\"><em>Informations obsol\u00e8tes (remplac\u00e9es par les information ci-dessus)<\/em><\/span><\/h5>\n<p><span style=\"color: #ff0000;\"><em>Les informations ci-dessous ont pour seul but de t\u00e9moigner aux g\u00e9n\u00e9rations futures des errements des deux frangins, dans leur optimisme b\u00e9at et leur amateurisme question planification<\/em><\/span><\/p>\n<p><strong><span style=\"text-decoration: underline;\"><em><span style=\"color: #ff0000; text-decoration: underline;\">M\u00e0J du 20 Nov 2014<\/span><\/em><\/span><\/strong><\/p>\n<p>Eh oui, Kousk Eol va bient\u00f4t repartir&#8230;<\/p>\n<p>Le programme pour les mois qui viennent est le suivant:<\/p>\n<ul>\n<li>D\u00e9but f\u00e9vrier 2015, pr\u00e9paration de Kousk Eol \u00e0 Puerto Montt: nettoyage (int\u00e9rieur, coque, &#8230;), r\u00e9-installation des voiles, v\u00e9rification moteur\/\u00e9lectronique\/informatique, etc.<\/li>\n<li>Mi-f\u00e9vrier: d\u00e9part vers le Nord en passant par l&rsquo;archipel Juan Fernandez et l\u2019\u00eele de Robinson Cruso\u00eb, \u00e0 environ 350 milles \u00e0 l&rsquo;ouest de Valparaiso.<\/li>\n<li>Puis remont\u00e9e de la c\u00f4te chilienne jusqu&rsquo;\u00e0 Arica, pr\u00e9s de la fronti\u00e8re p\u00e9ruvienne: le plan est de faire un tour au P\u00e9rou que nous ne connaissons pas, avec un d\u00e9tour par le Machu Pichu&#8230;<\/li>\n<li>Probablement passage par l&rsquo;Equateur pour une autorisation de visite des Galapagos.<\/li>\n<li>D\u00e9but avril 2015: escale aux Galapagos \u00e0 600 milles de l&rsquo;Equateur.<\/li>\n<li>Mi-avril: travers\u00e9e vers les Marquises pour arriver apr\u00e8s la saison des cyclones: encore presque 3000 miles!<\/li>\n<li>Mi-mai \u00e0 Octobre 2015:&nbsp; visite des \u00eeles de Polyn\u00e9sie jusqu&rsquo;au moment o\u00f9 il faudra mettre Kousk Eol \u00e0 l&rsquo;abris des cyclones&#8230;<\/li>\n<\/ul>\n<p>La carte ci-dessous montre le trajet avec les estimations de dates:<\/p>\n<figure id=\"attachment_1909\" aria-describedby=\"caption-attachment-1909\" style=\"width: 300px\" class=\"wp-caption aligncenter\"><a href=\"http:\/\/kouskeol.fr\/wp-content\/uploads\/2014\/11\/trajet01.png\" target=\"_blank\" rel=\"noopener noreferrer\"><img loading=\"lazy\" decoding=\"async\" class=\"wp-image-1909 size-medium\" src=\"http:\/\/kouskeol.fr\/wp-content\/uploads\/2014\/11\/trajet01-300x159.png\" alt=\"Trajet autour du monde\" width=\"300\" height=\"159\" srcset=\"http:\/\/kouskeol.fr\/wp-content\/uploads\/2014\/11\/trajet01-300x159.png 300w, http:\/\/kouskeol.fr\/wp-content\/uploads\/2014\/11\/trajet01.png 960w\" sizes=\"auto, (max-width: 300px) 100vw, 300px\" \/><\/a><figcaption id=\"caption-attachment-1909\" class=\"wp-caption-text\">Trajet autour du monde<\/figcaption><\/figure>\n<p>Bien entendu, comme nous ne sommes pas \u00e0 la SNCF, et que nous avons encore quelques progr\u00e8s \u00e0 faire pour atteindre l&rsquo;infaillibilit\u00e9, ce plan est \u00e9videmment&nbsp;sujet \u00e0 r\u00e9ajustements!<\/p>\n<p><strong><em><span style=\"text-decoration: underline; color: #ff0000;\">Projet initial, d&rsquo;avril 2013:<\/span><\/em><\/strong><\/p>\n<p>Le d\u00e9part est pr\u00e9vu fin Juin 2013 de Toulon. La carte ci-dessous montre les pr\u00e9visions pour les grandes \u00e9tapes, en tenant compte de la m\u00e9t\u00e9o et des zones\/p\u00e9riodes \u00e0 risque.<\/p>\n<p>Cliquer sur la carte pour la voir en plus grand dans une autre fen\u00eatre.<\/p>\n<p><a href=\"http:\/\/kouskeol.fr\/wp-content\/uploads\/2014\/09\/mappemonde-1.png\" target=\"_blank\" rel=\"noopener noreferrer\"><img loading=\"lazy\" decoding=\"async\" class=\"aligncenter wp-image-189 size-medium\" src=\"http:\/\/kouskeol.fr\/wp-content\/uploads\/2014\/09\/mappemonde-1-300x152.png\" alt=\"mappemonde-1\" width=\"300\" height=\"152\" srcset=\"http:\/\/kouskeol.fr\/wp-content\/uploads\/2014\/09\/mappemonde-1-300x152.png 300w, http:\/\/kouskeol.fr\/wp-content\/uploads\/2014\/09\/mappemonde-1-600x304.png 600w, http:\/\/kouskeol.fr\/wp-content\/uploads\/2014\/09\/mappemonde-1.png 958w\" sizes=\"auto, (max-width: 300px) 100vw, 300px\" \/><\/a><\/p>\n<p><em>Source:&nbsp;<span class=\"skimlinks-unlinked\">http:\/\/commons.wikimedia.org\/wiki\/File:Global_tropical_cyclone_tracks-edit2.jpg<\/span> &nbsp;(merci Jacques!).<\/em><\/p>\n<p>La premi\u00e8re partie du voyage de Kousk Eol devrait nous mener vers le Cap Horn autour du jour de l&rsquo;an 2014.<\/p>\n<p>En rouge les p\u00e9riodes \u00e0 \u00e9viter pour les zones concern\u00e9es: cyclones, temp\u00eates tropicales, mousson, &#8230;<\/p>\n<p><em>Les dates du trajet \u00e0 partir du Pacifique sont erron\u00e9es: le break que nous avons d\u00e9cid\u00e9 de faire en posant le bateau \u00e0 Puerto Montt n&rsquo;\u00e9tait pas pr\u00e9vu au d\u00e9part, et a largement \u00e9t\u00e9 motiv\u00e9 par la sortie tardive des canaux de Patagonie, cons\u00e9quence des probl\u00e8mes de quille que nous avons eu.<\/em><\/p>\n<p>La carte sera remise \u00e0 jour.<\/p>\n<p>Peut-\u00eatre&#8230;<\/p>\n","protected":false},"excerpt":{"rendered":"<p>MaJ d&rsquo;octobre 2019 A l&rsquo;origine, ce blog avait \u00e9t\u00e9 cr\u00e9\u00e9 pour raconter le tour du monde de Kousk Eol. Ce tour du monde s&rsquo;est achev\u00e9 en 2017: il \u00e9tait temps de passer \u00e0 d&rsquo;autres projets! Et en particulier une travers\u00e9e vers la Guadeloupe par la route des aliz\u00e9s&#8230; MaJ de d\u00e9cembre 2017 Cette fois , &hellip; <a href=\"http:\/\/kouskeol.fr\/?page_id=188\" class=\"more-link\">Continuer la lecture de <span class=\"screen-reader-text\">Le voyage pr\u00e9vu&#8230;<\/span>  <span class=\"meta-nav\">&rarr;<\/span><\/a><\/p>\n","protected":false},"author":1,"featured_media":0,"parent":7,"menu_order":0,"comment_status":"open","ping_status":"open","template":"","meta":{"ngg_post_thumbnail":0,"footnotes":""},"class_list":["post-188","page","type-page","status-publish","hentry"],"_links":{"self":[{"href":"http:\/\/kouskeol.fr\/index.php?rest_route=\/wp\/v2\/pages\/188","targetHints":{"allow":["GET"]}}],"collection":[{"href":"http:\/\/kouskeol.fr\/index.php?rest_route=\/wp\/v2\/pages"}],"about":[{"href":"http:\/\/kouskeol.fr\/index.php?rest_route=\/wp\/v2\/types\/page"}],"author":[{"embeddable":true,"href":"http:\/\/kouskeol.fr\/index.php?rest_route=\/wp\/v2\/users\/1"}],"replies":[{"embeddable":true,"href":"http:\/\/kouskeol.fr\/index.php?rest_route=%2Fwp%2Fv2%2Fcomments&post=188"}],"version-history":[{"count":15,"href":"http:\/\/kouskeol.fr\/index.php?rest_route=\/wp\/v2\/pages\/188\/revisions"}],"predecessor-version":[{"id":5468,"href":"http:\/\/kouskeol.fr\/index.php?rest_route=\/wp\/v2\/pages\/188\/revisions\/5468"}],"up":[{"embeddable":true,"href":"http:\/\/kouskeol.fr\/index.php?rest_route=\/wp\/v2\/pages\/7"}],"wp:attachment":[{"href":"http:\/\/kouskeol.fr\/index.php?rest_route=%2Fwp%2Fv2%2Fmedia&parent=188"}],"curies":[{"name":"wp","href":"https:\/\/api.w.org\/{rel}","templated":true}]}}