{"id":195,"date":"2014-09-10T20:51:47","date_gmt":"2014-09-10T19:51:47","guid":{"rendered":"http:\/\/kouskeol.fr\/?page_id=195"},"modified":"2024-05-07T15:44:07","modified_gmt":"2024-05-07T14:44:07","slug":"195-2","status":"publish","type":"page","link":"http:\/\/kouskeol.fr\/?page_id=195","title":{"rendered":"Comment contacter Kousk Eol"},"content":{"rendered":"<div class=\"ob-section ob-section-html\">\n<p><span style=\"color: #ff0000;\"><strong><em>Mise \u00e0 jour du 7 mai 2024<br \/>\n<\/em><\/strong><\/span><\/p>\n<p><strong><em><span style=\"color: #0000ff;\">Pour la travers\u00e9e retour de Pointe \u00e0 Pitre vers Toulon, nous avons r\u00e9activ\u00e9 le t\u00e9l\u00e9phone Iridium pour 1 mois (jusqu&rsquo;au 31 mai). Les informations de contact ont \u00e9t\u00e9 mises \u00e0 jour ci-dessous.<\/span><\/em><\/strong><\/p>\n<p>Kousk Eol a une adresse email:<\/p>\n<p><em><strong>kouskeol@<span class=\"skimlinks-unlinked\">gmail.com<\/span><\/strong><\/em><\/p>\n<p>Utiliser cette adresse pour le non-urgent, ou pour envoyer des documents. La boite ne sera relev\u00e9e qu&rsquo;aux escales.<\/p>\n<p>Une autre fa\u00e7on de contacter l&rsquo;\u00e9quipage est de laisser un (ou plusieurs!)&nbsp; commentaire dont vous ne manquerez pas d&rsquo;agr\u00e9menter les articles du blog. La r\u00e9daction promet une r\u00e9ponse \u00e0 chaque commentaire, lors des escales!<\/p>\n<p>Comme pour les emails, les commentaires ne seront lus qu&rsquo;aux escales o\u00f9 une connexion internet sera disponible.<\/p>\n<h6><strong>Information valable du 7 mai 2024 au 31 mai 2024<br \/>\n<\/strong><\/h6>\n<p>Pour les contacts qui ne peuvent attendre, en mer, un t\u00e9l\u00e9phone Iridium devrait permettre de garder un lien avec Kousk Eol. Plusieurs possibilit\u00e9s:<\/p>\n<ul>\n<li><strong>Appel en phonie<\/strong> au&nbsp;<strong>+881632552872 <\/strong> (environ 2 \u20ac la minute). <span style=\"color: #ff0000;\"><em>A n&rsquo;utiliser que pour l&rsquo;urgence!<\/em><\/span><\/li>\n<li><strong>Envoi de SMS par un t\u00e9l\u00e9phone<\/strong> GSM au m\u00eame num\u00e9ro (environ 50 cts).<\/li>\n<li><strong>Envoi de SMS par le site web d&rsquo;Iridium<\/strong> (gratuit):<br \/>\n<a href=\"http:\/\/messaging.iridium.com\/\">http:\/\/messaging.iridium.com\/<\/a>&nbsp;&nbsp;<\/p>\n<ul>\n<li>Dans le champ de la premi\u00e8re ligne, entrer:<br \/>\n<strong>881632552872<\/strong> (ne pas mettre le \u00ab\u00a0+\u00a0\u00bb devant le num\u00e9ro)<\/li>\n<li>Ne rien mettre dans le champ \u00ab\u00a0Reply Email\u00a0\u00bb.<\/li>\n<li>Entrer le texte du SMS dans le champ \u00ab\u00a0Message\u00a0\u00bb. Pas plus de <span style=\"text-decoration: underline;\"><span style=\"color: #ff0000; text-decoration: underline;\">160<\/span><\/span> caract\u00e8res. <span id=\"yui_3_5_0_1_1391606163418_9052\" class=\"yui3-widget yui3-inputwidget yui3-htmleditorwidget\" style=\"color: #ff0000;\"><span id=\"yui_3_5_0_1_1391606163418_9054\" class=\"yui3-htmleditorwidget-content\"><span style=\"text-decoration: underline;\"><em>Ne mettre aucun accent!<\/em><\/span><\/span><\/span><\/li>\n<li>Cliquer sur \u00ab\u00a0Je ne suis pas un robot\u00a0\u00bb.<\/li>\n<li>Puis appuyer sur \u00ab\u00a0Send Message\u00a0\u00bb.<\/li>\n<\/ul>\n<\/li>\n<li><strong>Envoi de SMS par email (gratuit)<\/strong> \u00e0:<br \/>\n<a class=\"moz-txt-link-abbreviated\" href=\"mailto:881632552872@msg.iridium.com\"><strong>881632552872<\/strong>@msg.iridium.com<\/a><br \/>\nMessage limit\u00e9 \u00e0 <span style=\"text-decoration: underline;\"><span style=\"color: #ff0000; text-decoration: underline;\">160<\/span><\/span> caract\u00e8res. <span style=\"text-decoration: underline; color: #ff0000;\"><em>Ne pas mettre d&rsquo;accents!<\/em><\/span><\/li>\n<\/ul>\n<p>Rappelez-vous que le t\u00e9l\u00e9phone Iridium est un outil de s\u00e9curit\u00e9, et sert principalement pour prendre la m\u00e9t\u00e9o ou envoyer un appel d&rsquo;urgence: ne l&rsquo;utiliser qu&rsquo;\u00e0 bon escient!<\/p>\n<\/div>\n","protected":false},"excerpt":{"rendered":"<p>Mise \u00e0 jour du 7 mai 2024 Pour la travers\u00e9e retour de Pointe \u00e0 Pitre vers Toulon, nous avons r\u00e9activ\u00e9 le t\u00e9l\u00e9phone Iridium pour 1 mois (jusqu&rsquo;au 31 mai). Les informations de contact ont \u00e9t\u00e9 mises \u00e0 jour ci-dessous. Kousk Eol a une adresse email: kouskeol@gmail.com Utiliser cette adresse pour le non-urgent, ou pour envoyer &hellip; <a href=\"http:\/\/kouskeol.fr\/?page_id=195\" class=\"more-link\">Continuer la lecture de <span class=\"screen-reader-text\">Comment contacter Kousk Eol<\/span>  <span class=\"meta-nav\">&rarr;<\/span><\/a><\/p>\n","protected":false},"author":1,"featured_media":0,"parent":7,"menu_order":5,"comment_status":"open","ping_status":"open","template":"","meta":{"ngg_post_thumbnail":0,"footnotes":""},"class_list":["post-195","page","type-page","status-publish","hentry"],"_links":{"self":[{"href":"http:\/\/kouskeol.fr\/index.php?rest_route=\/wp\/v2\/pages\/195","targetHints":{"allow":["GET"]}}],"collection":[{"href":"http:\/\/kouskeol.fr\/index.php?rest_route=\/wp\/v2\/pages"}],"about":[{"href":"http:\/\/kouskeol.fr\/index.php?rest_route=\/wp\/v2\/types\/page"}],"author":[{"embeddable":true,"href":"http:\/\/kouskeol.fr\/index.php?rest_route=\/wp\/v2\/users\/1"}],"replies":[{"embeddable":true,"href":"http:\/\/kouskeol.fr\/index.php?rest_route=%2Fwp%2Fv2%2Fcomments&post=195"}],"version-history":[{"count":18,"href":"http:\/\/kouskeol.fr\/index.php?rest_route=\/wp\/v2\/pages\/195\/revisions"}],"predecessor-version":[{"id":6151,"href":"http:\/\/kouskeol.fr\/index.php?rest_route=\/wp\/v2\/pages\/195\/revisions\/6151"}],"up":[{"embeddable":true,"href":"http:\/\/kouskeol.fr\/index.php?rest_route=\/wp\/v2\/pages\/7"}],"wp:attachment":[{"href":"http:\/\/kouskeol.fr\/index.php?rest_route=%2Fwp%2Fv2%2Fmedia&parent=195"}],"curies":[{"name":"wp","href":"https:\/\/api.w.org\/{rel}","templated":true}]}}