{"id":2008,"date":"2014-11-29T16:27:01","date_gmt":"2014-11-29T15:27:01","guid":{"rendered":"http:\/\/kouskeol.fr\/?page_id=2008"},"modified":"2014-12-01T12:42:39","modified_gmt":"2014-12-01T11:42:39","slug":"realisation-dun-portique","status":"publish","type":"page","link":"http:\/\/kouskeol.fr\/?page_id=2008","title":{"rendered":"R\u00e9alisation d&rsquo;un portique"},"content":{"rendered":"<p>Le portique est un \u00e9l\u00e9ment clef d&rsquo;un bateau voulant naviguer loin&#8230;<\/p>\n<p>On compte sur lui pour:<\/p>\n<ul>\n<li>supporter l&rsquo;\u00e9olienne et son m\u00e2tereau: il faut qu&rsquo;elle soit assez haute pour b\u00e9n\u00e9ficier d&rsquo;un bon vent, et pour \u00e9viter de se faire tailler les oreilles par une pale!<\/li>\n<li>supporter les panneaux solaires.<\/li>\n<li>pouvoir hisser l&rsquo;annexe dans certains mouillages ou entre mouillages pas trop \u00e9loign\u00e9s.<\/li>\n<li>assurer une protection solaire pour le barreur: la b\u00f4me de Kousk Eol est tr\u00e8s longue offrant peu d&rsquo;espace entre le bout de la b\u00f4me et le pataras, et\u00a0l&rsquo;\u00e9coute est assez en arri\u00e8re. Tout ceci emp\u00eache de naviguer avec un bimini.<\/li>\n<li>mettre le hamac!<\/li>\n<li>avoir un garde-fou s\u00e9curisant pour pouvoir lib\u00e9rer sa vessie en plein air \ud83d\ude42<\/li>\n<\/ul>\n<p>Il ne devra pas g\u00eaner le barreur et ne pas trop casser l&rsquo;esth\u00e9tique du bateau&#8230;<\/p>\n<p>Un rapide tour des solutions du march\u00e9 nous convainc que nous ne trouverons pas la perle rare \u00ab\u00a0toute faite\u00a0\u00bb&#8230; Rigidit\u00e9 relative, co\u00fbt \u00e9lev\u00e9, mauvaise adaptation: nous d\u00e9cidons de faire faire notre portique sur mesure par l&rsquo;atelier Icome Inox \u00e0 Toulon.<\/p>\n<p>La premi\u00e8re \u00e9tape consiste \u00e0 r\u00e9aliser un prototype en tubes PVC de 40 mm:<\/p>\n<figure id=\"attachment_980\" aria-describedby=\"caption-attachment-980\" style=\"width: 300px\" class=\"wp-caption aligncenter\"><a href=\"http:\/\/kouskeol.fr\/wp-content\/uploads\/2014\/09\/ProtoPortique-copie-1.jpg\" target=\"_blank\"><img loading=\"lazy\" decoding=\"async\" class=\"wp-image-980 size-medium\" src=\"http:\/\/kouskeol.fr\/wp-content\/uploads\/2014\/09\/ProtoPortique-copie-1-300x198.jpg\" alt=\"ProtoPortique-copie-1\" width=\"300\" height=\"198\" srcset=\"http:\/\/kouskeol.fr\/wp-content\/uploads\/2014\/09\/ProtoPortique-copie-1-300x198.jpg 300w, http:\/\/kouskeol.fr\/wp-content\/uploads\/2014\/09\/ProtoPortique-copie-1-1024x678.jpg 1024w, http:\/\/kouskeol.fr\/wp-content\/uploads\/2014\/09\/ProtoPortique-copie-1-600x397.jpg 600w, http:\/\/kouskeol.fr\/wp-content\/uploads\/2014\/09\/ProtoPortique-copie-1.jpg 1600w\" sizes=\"auto, (max-width: 300px) 100vw, 300px\" \/><\/a><figcaption id=\"caption-attachment-980\" class=\"wp-caption-text\">Prototype du portique en tubes de PVC<\/figcaption><\/figure>\n<p>Le porte-\u00e0-faux sur l&rsquo;arri\u00e8re a pour but de pouvoir hisser l&rsquo;annexe \u00e0 plat: le porte-\u00e0-faux fait 1\/2 largeur de l&rsquo;annexe.<\/p>\n<p>La deuxi\u00e8me \u00e9tape sera de porter le prototype chez Icom Inox pour valider la faisabilit\u00e9 et d\u00e9marrer la fabrication. Le choix de tubes inox de 40 mm doit garantir une bonne rigidit\u00e9.<\/p>\n<p>Le portique est r\u00e9alis\u00e9 en \u00ab\u00a0pointant\u00a0\u00bb les soudures afin de pouvoir les casser et d\u00e9placer si n\u00e9cessaire. Apr\u00e8s deux essais, le portique est soud\u00e9 d\u00e9finitivement et mis en place, boulonn\u00e9 \u00e0 travers le pont par des plaques inox soud\u00e9es au pied des tubes, et fix\u00e9 contre le balcon AR, afin de pouvoir \u00eatre d\u00e9mont\u00e9 si n\u00e9cessaire.<\/p>\n<figure id=\"attachment_971\" aria-describedby=\"caption-attachment-971\" style=\"width: 300px\" class=\"wp-caption aligncenter\"><a href=\"http:\/\/kouskeol.fr\/wp-content\/uploads\/2014\/09\/PercagePont.jpg\" target=\"_blank\"><img loading=\"lazy\" decoding=\"async\" class=\"wp-image-971 size-medium\" src=\"http:\/\/kouskeol.fr\/wp-content\/uploads\/2014\/09\/PercagePont-300x225.jpg\" alt=\"PercagePont\" width=\"300\" height=\"225\" srcset=\"http:\/\/kouskeol.fr\/wp-content\/uploads\/2014\/09\/PercagePont-300x225.jpg 300w, http:\/\/kouskeol.fr\/wp-content\/uploads\/2014\/09\/PercagePont-1024x768.jpg 1024w, http:\/\/kouskeol.fr\/wp-content\/uploads\/2014\/09\/PercagePont-600x450.jpg 600w, http:\/\/kouskeol.fr\/wp-content\/uploads\/2014\/09\/PercagePont.jpg 1382w\" sizes=\"auto, (max-width: 300px) 100vw, 300px\" \/><\/a><figcaption id=\"caption-attachment-971\" class=\"wp-caption-text\">Pr\u00e9paration des trous \u00e0 travers le pont<\/figcaption><\/figure>\n<figure id=\"attachment_970\" aria-describedby=\"caption-attachment-970\" style=\"width: 300px\" class=\"wp-caption aligncenter\"><a href=\"http:\/\/kouskeol.fr\/wp-content\/uploads\/2014\/09\/Fixation-Portique.jpg\" target=\"_blank\"><img loading=\"lazy\" decoding=\"async\" class=\"wp-image-970 size-medium\" src=\"http:\/\/kouskeol.fr\/wp-content\/uploads\/2014\/09\/Fixation-Portique-300x225.jpg\" alt=\"Fixation-Portique\" width=\"300\" height=\"225\" srcset=\"http:\/\/kouskeol.fr\/wp-content\/uploads\/2014\/09\/Fixation-Portique-300x225.jpg 300w, http:\/\/kouskeol.fr\/wp-content\/uploads\/2014\/09\/Fixation-Portique-1024x768.jpg 1024w, http:\/\/kouskeol.fr\/wp-content\/uploads\/2014\/09\/Fixation-Portique-600x450.jpg 600w, http:\/\/kouskeol.fr\/wp-content\/uploads\/2014\/09\/Fixation-Portique.jpg 1382w\" sizes=\"auto, (max-width: 300px) 100vw, 300px\" \/><\/a><figcaption id=\"caption-attachment-970\" class=\"wp-caption-text\">Fixation du portique<\/figcaption><\/figure>\n<figure id=\"attachment_972\" aria-describedby=\"caption-attachment-972\" style=\"width: 300px\" class=\"wp-caption aligncenter\"><a href=\"http:\/\/kouskeol.fr\/wp-content\/uploads\/2014\/09\/Portique.jpg\" target=\"_blank\"><img loading=\"lazy\" decoding=\"async\" class=\"wp-image-972 size-medium\" src=\"http:\/\/kouskeol.fr\/wp-content\/uploads\/2014\/09\/Portique-300x224.jpg\" alt=\"Portique\" width=\"300\" height=\"224\" srcset=\"http:\/\/kouskeol.fr\/wp-content\/uploads\/2014\/09\/Portique-300x224.jpg 300w, http:\/\/kouskeol.fr\/wp-content\/uploads\/2014\/09\/Portique-1024x767.jpg 1024w, http:\/\/kouskeol.fr\/wp-content\/uploads\/2014\/09\/Portique-600x449.jpg 600w, http:\/\/kouskeol.fr\/wp-content\/uploads\/2014\/09\/Portique.jpg 1600w\" sizes=\"auto, (max-width: 300px) 100vw, 300px\" \/><\/a><figcaption id=\"caption-attachment-972\" class=\"wp-caption-text\">Le portique, avec son \u00e9olienne et ses panneaux<\/figcaption><\/figure>\n<p>Nous avons \u00e9quip\u00e9 le portique de deux palans afin de pouvoir mettre l\u2019annexe hors-eau (au mouillage pour \u00e9viter les probl\u00e8mes, ou lors de courtes navigations pour ne pas avoir \u00e0 la regonfler).<\/p>\n<p>Nous l&rsquo;avons aussi \u00e9quip\u00e9 d&rsquo;un arceau mobile supportant une \u00ab\u00a0casquette\u00a0\u00bb prot\u00e9geant le barreur du soleil. On peut voir cet arceau sur la photo ci-dessus, en position repli\u00e9.<\/p>\n<p>On notera aussi le support de l&rsquo;antenne ext\u00e9rieure de l&rsquo;Iridium.<\/p>\n<p>Tous les fils sans exception passent \u00e0 l&rsquo;int\u00e9rieur des tubes, et de l\u00e0 sous le pont o\u00f9 sont effectu\u00e9s les branchements.<\/p>\n<p>Le portique se r\u00e9v\u00e8le tr\u00e8s rigide: il nous supporte sans fl\u00e9chir, et le mauvais temps rencontr\u00e9 lors de notre p\u00e9riple confirmera que nous avons fait un bon choix.<\/p>\n","protected":false},"excerpt":{"rendered":"<p>Le portique est un \u00e9l\u00e9ment clef d&rsquo;un bateau voulant naviguer loin&#8230; On compte sur lui pour: supporter l&rsquo;\u00e9olienne et son m\u00e2tereau: il faut qu&rsquo;elle soit assez haute pour b\u00e9n\u00e9ficier d&rsquo;un bon vent, et pour \u00e9viter de se faire tailler les oreilles par une pale! supporter les panneaux solaires. pouvoir hisser l&rsquo;annexe dans certains mouillages ou &hellip; <a href=\"http:\/\/kouskeol.fr\/?page_id=2008\" class=\"more-link\">Continuer la lecture de <span class=\"screen-reader-text\">R\u00e9alisation d&rsquo;un portique<\/span>  <span class=\"meta-nav\">&rarr;<\/span><\/a><\/p>\n","protected":false},"author":1,"featured_media":0,"parent":7,"menu_order":18,"comment_status":"open","ping_status":"open","template":"","meta":{"ngg_post_thumbnail":0,"footnotes":""},"class_list":["post-2008","page","type-page","status-publish","hentry"],"_links":{"self":[{"href":"http:\/\/kouskeol.fr\/index.php?rest_route=\/wp\/v2\/pages\/2008","targetHints":{"allow":["GET"]}}],"collection":[{"href":"http:\/\/kouskeol.fr\/index.php?rest_route=\/wp\/v2\/pages"}],"about":[{"href":"http:\/\/kouskeol.fr\/index.php?rest_route=\/wp\/v2\/types\/page"}],"author":[{"embeddable":true,"href":"http:\/\/kouskeol.fr\/index.php?rest_route=\/wp\/v2\/users\/1"}],"replies":[{"embeddable":true,"href":"http:\/\/kouskeol.fr\/index.php?rest_route=%2Fwp%2Fv2%2Fcomments&post=2008"}],"version-history":[{"count":4,"href":"http:\/\/kouskeol.fr\/index.php?rest_route=\/wp\/v2\/pages\/2008\/revisions"}],"predecessor-version":[{"id":2018,"href":"http:\/\/kouskeol.fr\/index.php?rest_route=\/wp\/v2\/pages\/2008\/revisions\/2018"}],"up":[{"embeddable":true,"href":"http:\/\/kouskeol.fr\/index.php?rest_route=\/wp\/v2\/pages\/7"}],"wp:attachment":[{"href":"http:\/\/kouskeol.fr\/index.php?rest_route=%2Fwp%2Fv2%2Fmedia&parent=2008"}],"curies":[{"name":"wp","href":"https:\/\/api.w.org\/{rel}","templated":true}]}}