{"id":3361,"date":"2016-02-26T13:54:27","date_gmt":"2016-02-26T12:54:27","guid":{"rendered":"http:\/\/kouskeol.fr\/?page_id=3361"},"modified":"2019-03-14T14:34:42","modified_gmt":"2019-03-14T13:34:42","slug":"le-livre","status":"publish","type":"page","link":"http:\/\/kouskeol.fr\/?page_id=3361","title":{"rendered":"Le voyage dans la litt\u00e9rature&#8230;"},"content":{"rendered":"<p>Un blog, c&rsquo;est facile \u00e0 lire tant qu&rsquo;on le fait au fur et \u00e0 mesure de la publication des articles. C&rsquo;est nettement moins confortable quand on se connecte irr\u00e9guli\u00e8rement: pas toujours facile de lire comme un livre des articles en remontant le temps&#8230;<\/p>\n<p>Donc, certains d&rsquo;entre vous attendait cet \u00e9v\u00e8nement: il existe maintenant deux livres largement inspir\u00e9s du blog, qui racontent en deux tomes le voyage, de Toulon \u00e0 &nbsp;Papeete en passant par le Cap Horn, puis vers le Cap de Bonne Esp\u00e9rance et le retour sur Toulon&#8230; Qu&rsquo;est-ce qu&rsquo;il ne faut pas faire pour satisfaire ses abonn\u00e9s!<\/p>\n<p>\u00ab\u00a0Voiles et Voiliers\u00a0\u00bb s&rsquo;est m\u00eame fendu d&rsquo;une critique:<\/p>\n<p><a href=\"http:\/\/kouskeol.fr\/wp-content\/uploads\/2018\/09\/ArticleVV-201810b-small.png\" target=\"_blank\" rel=\"noopener\"><img loading=\"lazy\" decoding=\"async\" class=\"aligncenter wp-image-5420 size-medium\" src=\"http:\/\/kouskeol.fr\/wp-content\/uploads\/2018\/09\/ArticleVV-201810b-small-244x300.png\" alt=\"\" width=\"244\" height=\"300\" srcset=\"http:\/\/kouskeol.fr\/wp-content\/uploads\/2018\/09\/ArticleVV-201810b-small-244x300.png 244w, http:\/\/kouskeol.fr\/wp-content\/uploads\/2018\/09\/ArticleVV-201810b-small-768x945.png 768w, http:\/\/kouskeol.fr\/wp-content\/uploads\/2018\/09\/ArticleVV-201810b-small-832x1024.png 832w, http:\/\/kouskeol.fr\/wp-content\/uploads\/2018\/09\/ArticleVV-201810b-small.png 1212w\" sizes=\"auto, (max-width: 244px) 100vw, 244px\" \/><\/a>C&rsquo;est (presque) magique: les livres sont disponibles sur commande dans n&rsquo;importe quelle librairie (par exemple: cliquer <span style=\"text-decoration: underline; color: #ff0000;\"><strong style=\"color: #ff0000; text-decoration: underline;\"><a style=\"color: #ff0000; text-decoration: underline;\" href=\"https:\/\/www.bod.fr\/livre\/claude-cornet\/carrement-a-louest\/9782810628179.html\" target=\"_blank\" rel=\"noopener\">ici<\/a>&nbsp;<\/strong><\/span>&nbsp;ou <strong><span style=\"text-decoration: underline;\"><span style=\"color: #339966;\"><a style=\"color: #339966; text-decoration: underline;\" href=\"http:\/\/livre.fnac.com\/a9502344\/Claude-Cornet-Carrement-a-l-Ouest\" target=\"_blank\" rel=\"noopener\">ici<\/a><\/span><\/span><\/strong> pour se procurer ce monument de la litt\u00e9rature navale fran\u00e7aise, en attendant une disponibilit\u00e9 au Carroufe du coin).<\/p>\n<p>Bonne lecture!<\/p>\n<p><a href=\"http:\/\/kouskeol.fr\/wp-content\/uploads\/2016\/02\/b3df73e8-a267-4f03-beb3-c059dcbdeee7.jpg\" target=\"_blank\" rel=\"attachment noopener wp-att-3397\"><img loading=\"lazy\" decoding=\"async\" class=\"aligncenter wp-image-3397 size-medium\" src=\"http:\/\/kouskeol.fr\/wp-content\/uploads\/2016\/02\/b3df73e8-a267-4f03-beb3-c059dcbdeee7-212x300.jpg\" alt=\"b3df73e8-a267-4f03-beb3-c059dcbdeee7\" width=\"212\" height=\"300\" srcset=\"http:\/\/kouskeol.fr\/wp-content\/uploads\/2016\/02\/b3df73e8-a267-4f03-beb3-c059dcbdeee7-212x300.jpg 212w, http:\/\/kouskeol.fr\/wp-content\/uploads\/2016\/02\/b3df73e8-a267-4f03-beb3-c059dcbdeee7.jpg 722w\" sizes=\"auto, (max-width: 212px) 100vw, 212px\" \/><\/a><a href=\"http:\/\/kouskeol.fr\/wp-content\/uploads\/2017\/09\/couvertureT2.png\" target=\"_blank\" rel=\"noopener\"><img loading=\"lazy\" decoding=\"async\" class=\"aligncenter wp-image-5280 size-medium\" src=\"http:\/\/kouskeol.fr\/wp-content\/uploads\/2017\/09\/couvertureT2-215x300.png\" alt=\"\" width=\"215\" height=\"300\" srcset=\"http:\/\/kouskeol.fr\/wp-content\/uploads\/2017\/09\/couvertureT2-215x300.png 215w, http:\/\/kouskeol.fr\/wp-content\/uploads\/2017\/09\/couvertureT2.png 596w\" sizes=\"auto, (max-width: 215px) 100vw, 215px\" \/><\/a><\/p>\n","protected":false},"excerpt":{"rendered":"<p>Un blog, c&rsquo;est facile \u00e0 lire tant qu&rsquo;on le fait au fur et \u00e0 mesure de la publication des articles. C&rsquo;est nettement moins confortable quand on se connecte irr\u00e9guli\u00e8rement: pas toujours facile de lire comme un livre des articles en remontant le temps&#8230; Donc, certains d&rsquo;entre vous attendait cet \u00e9v\u00e8nement: il existe maintenant deux livres &hellip; <a href=\"http:\/\/kouskeol.fr\/?page_id=3361\" class=\"more-link\">Continuer la lecture de <span class=\"screen-reader-text\">Le voyage dans la litt\u00e9rature&#8230;<\/span>  <span class=\"meta-nav\">&rarr;<\/span><\/a><\/p>\n","protected":false},"author":1,"featured_media":0,"parent":0,"menu_order":30,"comment_status":"closed","ping_status":"closed","template":"","meta":{"ngg_post_thumbnail":0,"footnotes":""},"class_list":["post-3361","page","type-page","status-publish","hentry"],"_links":{"self":[{"href":"http:\/\/kouskeol.fr\/index.php?rest_route=\/wp\/v2\/pages\/3361","targetHints":{"allow":["GET"]}}],"collection":[{"href":"http:\/\/kouskeol.fr\/index.php?rest_route=\/wp\/v2\/pages"}],"about":[{"href":"http:\/\/kouskeol.fr\/index.php?rest_route=\/wp\/v2\/types\/page"}],"author":[{"embeddable":true,"href":"http:\/\/kouskeol.fr\/index.php?rest_route=\/wp\/v2\/users\/1"}],"replies":[{"embeddable":true,"href":"http:\/\/kouskeol.fr\/index.php?rest_route=%2Fwp%2Fv2%2Fcomments&post=3361"}],"version-history":[{"count":10,"href":"http:\/\/kouskeol.fr\/index.php?rest_route=\/wp\/v2\/pages\/3361\/revisions"}],"predecessor-version":[{"id":5456,"href":"http:\/\/kouskeol.fr\/index.php?rest_route=\/wp\/v2\/pages\/3361\/revisions\/5456"}],"wp:attachment":[{"href":"http:\/\/kouskeol.fr\/index.php?rest_route=%2Fwp%2Fv2%2Fmedia&parent=3361"}],"curies":[{"name":"wp","href":"https:\/\/api.w.org\/{rel}","templated":true}]}}