{"id":7,"date":"2014-09-10T06:47:31","date_gmt":"2014-09-10T06:47:31","guid":{"rendered":"http:\/\/kouskeol.fr\/?page_id=7"},"modified":"2018-09-27T14:12:55","modified_gmt":"2018-09-27T13:12:55","slug":"le-blog-du-globe-reprend-du-service","status":"publish","type":"page","link":"http:\/\/kouskeol.fr\/?page_id=7","title":{"rendered":"A propos du Blog du Globe&#8230;"},"content":{"rendered":"<p><img loading=\"lazy\" decoding=\"async\" class=\"wp-image-15 size-thumbnail aligncenter\" src=\"http:\/\/kouskeol.fr\/wp-content\/uploads\/2014\/09\/KouskEol-logo-150x150.jpg\" alt=\"KouskEol-avatar\" width=\"150\" height=\"150\" srcset=\"http:\/\/kouskeol.fr\/wp-content\/uploads\/2014\/09\/KouskEol-logo-150x150.jpg 150w, http:\/\/kouskeol.fr\/wp-content\/uploads\/2014\/09\/KouskEol-logo-300x300.jpg 300w, http:\/\/kouskeol.fr\/wp-content\/uploads\/2014\/09\/KouskEol-logo.jpg 419w\" sizes=\"auto, (max-width: 150px) 100vw, 150px\" \/><\/p>\n<p>Vous \u00eates sur le blog de&nbsp;<em><strong>Kousk Eol<\/strong><\/em>, Centurion 45S de chez Wauquiez, le bateau d&rsquo;Andr\u00e9 et Claude.<\/p>\n<p><img loading=\"lazy\" decoding=\"async\" class=\"decoded aligncenter\" src=\"http:\/\/a142.idata.over-blog.com\/250x198\/4\/03\/58\/31\/Les2Frangins.jpg\" alt=\"http:\/\/a142.idata.over-blog.com\/250x198\/4\/03\/58\/31\/Les2Frangins.jpg\" width=\"248\" height=\"198\"><\/p>\n<p>Ce blog rassemble les exp\u00e9riences, souvenirs, &#8230; lors de croisi\u00e8res ou r\u00e9gates \u00e0 bord de Kousk Eol. Il permettra de suivre LE grand voyage, pour justifier le titre&#8230; Mais il ne s&rsquo;arr\u00eatera pas avec la fin de la boucle: nous avons d\u00e9cid\u00e9 de maintenir ce blog, qui sera r\u00e9actualis\u00e9 au gr\u00e9 de nos navigations et selon le courage du jour&#8230;<\/p>\n<p>A propos de <em><strong>Kousk Eol<\/strong><\/em>, avant que vous ne posiez la question: \u00ab\u00a0<em>Kousk Eol\u00a0\u00bb<\/em> \u00e9tait le nom de la maison de nos grand-parents, sur le port de Ploumanac&rsquo;h, et signifie \u00ab\u00a0<em>Soleil Couchant<\/em>\u00a0\u00bb en Breton.<br \/>\nCertains esprits chagrins argumenteront que <em>soleil<\/em> s&rsquo;\u00e9crit maintenant&nbsp;<em>heol<\/em> et non <em>eol<\/em>: et alors? Le nom de la maison \u00e9tait Kousk Eol, un point c&rsquo;est tout&#8230; Et ce blog n&rsquo;a aucune vocation \u00e0 faciliter l&rsquo;apprentissage du Breton aux esprits chagrins.<\/p>\n<p>Et puis Eole, c&rsquo;est le maitre du vent, non? Et il en faut du vent pour aller vers le soleil couchant&#8230;<\/p>\n<p style=\"text-align: left;\">Plus g\u00e9n\u00e9ralement, le style de ce blog sera ce qu&rsquo;il sera: le \u00ab\u00a0politiquement correct\u00a0\u00bb (bel exemple d&rsquo;oxymore) n&rsquo;est pas une priorit\u00e9! Ni forc\u00e9ment le respect du carcan acad\u00e9mique de notre belle langue&#8230; Et nous essaierons de ne pas trop nous prendre au s\u00e9rieux, tout en partageant nos exp\u00e9riences du mieux possible.<\/p>\n<p><span style=\"text-decoration: underline;\">&nbsp;<strong>Quelques mots sur Kousk Eol&#8230;<\/strong><\/span><\/p>\n<p><em><strong>Kousk Eol<\/strong><\/em>&nbsp; est un Centurion 45S du chantier Wauquiez, construit en 2004 et acquis par Andr\u00e9 et Claude en Avril 2010.<\/p>\n<p>C&rsquo;est la version \u00ab\u00a0Sport\u00a0\u00bb de ce type de bateau: 13,75m de long, tirant d&rsquo;eau de 2,5m pour une surface de voile de 120m\u00b2 au pr\u00e8s (GV 60m\u00b2, g\u00e9nois 60m\u00b2, spi sym\u00e9trique de 157m\u00b2, Code D\/spi asym\u00e9trique sur emmagasineur de m\u00eame surface), avec un mat de 18m au dessus du pont. Il est tr\u00e8s bien \u00e9quip\u00e9: gr\u00e9ement rod avec 3 \u00e9tages de barres de fl\u00e8che, g\u00e9nois et trinquette sur enrouleur, 6 winches Andersen (62, 56 et 52) dans le cockpit, 2 winches au piano (dont un \u00e9lectrique pour la drisse de GV), dessalinisateur, etc.<\/p>\n<p>Kousk Eol est tr\u00e8s marin et s&rsquo;est toujours tr\u00e8s bien comport\u00e9 dans les diff\u00e9rentes conditions de navigation rencontr\u00e9es jusqu&rsquo;\u00e0 aujourd&rsquo;hui.<\/p>\n<p>Kousk Eol a \u00e9t\u00e9 achet\u00e9 dans l&rsquo;id\u00e9e de partir pour un \u00ab\u00a0grand\u00a0\u00bb voyage, d&rsquo;o\u00f9 le nom \u00ab\u00a0Blog du Globe\u00a0\u00bb&#8230; La premi\u00e8re \u00e9tape \u00e9tant d&rsquo;aller vers le Cap Horn et de remonter les canaux de Patagonie vers les c\u00f4tes chiliennes, avec un d\u00e9part pr\u00e9vu en Juin 2013&#8230;<\/p>\n<p><img loading=\"lazy\" decoding=\"async\" class=\"decoded aligncenter\" src=\"http:\/\/a137.idata.over-blog.com\/300x204\/4\/03\/58\/31\/Centurion45s.png\" alt=\"http:\/\/a137.idata.over-blog.com\/300x204\/4\/03\/58\/31\/Centurion45s.png\" width=\"299\" height=\"204\"><\/p>\n<p><strong>Pourquoi le Tour du Monde?<\/strong><\/p>\n<p>Ah la question qui tue!<\/p>\n<p>Il n&rsquo;y a pas une seule r\u00e9ponse&#8230; Parce qu&rsquo;il para\u00eet que la Terre est ronde. Pour s&rsquo;assurer que Magellan ne nous a pas racont\u00e9 des craques. Parce que si nous ne le faisons pas maintenant, nous ne le ferons jamais. Pour vivre nos r\u00eaves et pas ceux des autres (apprendre des guides de tourisme par c\u0153ur pour ensuite passer pour des experts aupr\u00e8s de la galerie n&rsquo;est pas vraiment notre truc). Parce qu&rsquo;on a un beau bateau. Parce qu&rsquo;il n&rsquo;y a pas meilleur endroit qu&rsquo;un bateau pour appr\u00e9cier un ti-punch. Pour v\u00e9rifier si les mouillages de Corse sont bien les plus beaux du monde (apr\u00e8s ceux de Bretagne, bien s\u00fbr). Parce que nous sommes des WAFI assum\u00e9s. Parce que YOLO. Parce que sinon, ce blog n&rsquo;aurait pas de raison d&rsquo;\u00eatre.<\/p>\n<p>Bref: parce que.<\/p>\n<p>Et MarieJo et Cathy dans tout \u00e7a? Ce grand voyage, il faut bien reconna\u00eetre que c&rsquo;est avant tout un truc de mecs&#8230;<\/p>\n<p>La passion du bateau, \u00e7a ne date pas d&rsquo;hier: nous avons v\u00e9cu toute notre enfance au bord de (et sur) l&rsquo;eau. Nous avons tous les deux d\u00e9j\u00e0 eu des bateaux. Et nous avons accumul\u00e9s un certain nombre de milles sur diff\u00e9rentes mers.<\/p>\n<p>Mais cette passion n&rsquo;est pas forc\u00e9ment compl\u00e8tement partag\u00e9e (euph\u00e9misme de rigueur!)&#8230;<\/p>\n<p>Ce voyage n&rsquo;est pas une course: les escales seront nombreuses, vari\u00e9es. Un des objectifs est de se retrouver dans des endroits plus beaux les uns que les autres, et de profiter des merveilles locales, ensemble.<\/p>\n","protected":false},"excerpt":{"rendered":"<p>Vous \u00eates sur le blog de&nbsp;Kousk Eol, Centurion 45S de chez Wauquiez, le bateau d&rsquo;Andr\u00e9 et Claude. Ce blog rassemble les exp\u00e9riences, souvenirs, &#8230; lors de croisi\u00e8res ou r\u00e9gates \u00e0 bord de Kousk Eol. Il permettra de suivre LE grand voyage, pour justifier le titre&#8230; Mais il ne s&rsquo;arr\u00eatera pas avec la fin de la &hellip; <a href=\"http:\/\/kouskeol.fr\/?page_id=7\" class=\"more-link\">Continuer la lecture de <span class=\"screen-reader-text\">A propos du Blog du Globe&#8230;<\/span>  <span class=\"meta-nav\">&rarr;<\/span><\/a><\/p>\n","protected":false},"author":1,"featured_media":0,"parent":0,"menu_order":0,"comment_status":"open","ping_status":"open","template":"","meta":{"ngg_post_thumbnail":0,"footnotes":""},"class_list":["post-7","page","type-page","status-publish","hentry"],"_links":{"self":[{"href":"http:\/\/kouskeol.fr\/index.php?rest_route=\/wp\/v2\/pages\/7","targetHints":{"allow":["GET"]}}],"collection":[{"href":"http:\/\/kouskeol.fr\/index.php?rest_route=\/wp\/v2\/pages"}],"about":[{"href":"http:\/\/kouskeol.fr\/index.php?rest_route=\/wp\/v2\/types\/page"}],"author":[{"embeddable":true,"href":"http:\/\/kouskeol.fr\/index.php?rest_route=\/wp\/v2\/users\/1"}],"replies":[{"embeddable":true,"href":"http:\/\/kouskeol.fr\/index.php?rest_route=%2Fwp%2Fv2%2Fcomments&post=7"}],"version-history":[{"count":10,"href":"http:\/\/kouskeol.fr\/index.php?rest_route=\/wp\/v2\/pages\/7\/revisions"}],"predecessor-version":[{"id":5422,"href":"http:\/\/kouskeol.fr\/index.php?rest_route=\/wp\/v2\/pages\/7\/revisions\/5422"}],"wp:attachment":[{"href":"http:\/\/kouskeol.fr\/index.php?rest_route=%2Fwp%2Fv2%2Fmedia&parent=7"}],"curies":[{"name":"wp","href":"https:\/\/api.w.org\/{rel}","templated":true}]}}