{"id":2002,"date":"2014-09-09T10:00:10","date_gmt":"2014-09-09T09:00:10","guid":{"rendered":"http:\/\/kouskeol.fr\/?page_id=2002"},"modified":"2021-01-12T15:38:02","modified_gmt":"2021-01-12T14:38:02","slug":"dossiers-techniques","status":"publish","type":"page","link":"https:\/\/kouskeol.fr\/?page_id=2002","title":{"rendered":"Dossiers techniques"},"content":{"rendered":"<p>Ci-dessous une liste de dossiers sur divers aspects techniques que nous avons d\u00fb r\u00e9soudre sur Kousk Eol:<\/p>\n<ul>\n<li><span style=\"text-decoration: underline;\"><strong><a href=\"http:\/\/kouskeol.fr\/?page_id=168\" target=\"_blank\" rel=\"noopener\">Navigation \u00e9lectronique<\/a><\/strong><\/span>: comment nous avons \u00e9quip\u00e9 le bateau.<\/li>\n<li><span style=\"text-decoration: underline;\"><strong><a href=\"http:\/\/kouskeol.fr\/?page_id=171\" target=\"_blank\" rel=\"noopener\">Electricit\u00e9 \u00e0 bord<\/a><\/strong><\/span>: comment nous avons r\u00e9solu les probl\u00e8mes d&rsquo;\u00e9nergie.<\/li>\n<li><a href=\"http:\/\/kouskeol.fr\/?page_id=1860\" target=\"_blank\" rel=\"noopener\"><span style=\"text-decoration: underline;\"><strong>Mouillage<\/strong><\/span><\/a>: comment nous l&rsquo;avons organis\u00e9.<\/li>\n<li><a href=\"http:\/\/kouskeol.fr\/?page_id=176\" target=\"_blank\" rel=\"noopener\"><span style=\"text-decoration: underline;\"><strong>Bout-dehors<\/strong><\/span><\/a>: comment nous l&rsquo;avons r\u00e9alis\u00e9 pour notre Code D.<\/li>\n<li><a href=\"http:\/\/kouskeol.fr\/?page_id=1912\" target=\"_blank\" rel=\"noopener\"><span style=\"text-decoration: underline;\"><strong>Transvaser du gas-oil sans en avaler<\/strong><\/span><\/a>: pas besoin d&rsquo;en rajouter.<\/li>\n<li><a href=\"http:\/\/kouskeol.fr\/?page_id=163\" target=\"_blank\" rel=\"noopener\"><span style=\"text-decoration: underline;\"><strong>Donn\u00e9es de navigation<\/strong><\/span><\/a>: concernant le Centurion 45s.<\/li>\n<li><a href=\"http:\/\/kouskeol.fr\/?page_id=2008\" target=\"_blank\" rel=\"noopener\"><span style=\"text-decoration: underline;\"><strong>R\u00e9alisation d&rsquo;un portique<\/strong><\/span><\/a>: pour l&rsquo;\u00e9olienne, les panneaux solaires, l&rsquo;annexe.<\/li>\n<li><span style=\"text-decoration: underline;\"><strong><a title=\"Outillage et pi\u00e8ces de rechange\" href=\"http:\/\/kouskeol.fr\/?page_id=2073\" target=\"_blank\" rel=\"noopener\">Outillage et pi\u00e8ces de rechange<\/a><\/strong><\/span>: pas une liste exhaustive, mais plut\u00f4t ce \u00e0 quoi on ne pense peut-\u00eatre pas.<\/li>\n<li>Les noeuds: vaste sujet \u00e9voqu\u00e9 <span style=\"text-decoration: underline;\"><a href=\"http:\/\/kouskeol.fr\/?p=4476\" target=\"_blank\" rel=\"noopener\"><strong>ici<\/strong> <\/a><\/span>et <span style=\"text-decoration: underline;\"><strong><a href=\"http:\/\/kouskeol.fr\/?p=936\" target=\"_blank\" rel=\"noopener\">l\u00e0<\/a><\/strong><\/span>.<\/li>\n<li><span style=\"text-decoration: underline;\"><strong><a href=\"http:\/\/kouskeol.fr\/?p=2562\" target=\"_blank\" rel=\"noopener\">Asshole<\/a><\/strong><\/span>: pourquoi vos \u00e9coutes se coincent.<\/li>\n<li>La navigation dans les <strong><span style=\"text-decoration: underline;\"><a href=\"http:\/\/kouskeol.fr\/?p=97\" target=\"_blank\" rel=\"noopener\">canaux de Patagonie<\/a>.<\/span><\/strong><\/li>\n<li>Comment naviguer tranquille dans les <span style=\"text-decoration: underline;\"><strong><a href=\"http:\/\/kouskeol.fr\/?p=2983\" target=\"_blank\" rel=\"noopener\">Tuamotu<\/a>.<\/strong><\/span><\/li>\n<li>Comment <span style=\"text-decoration: underline;\"><strong><a href=\"http:\/\/kouskeol.fr\/?p=4786\" target=\"_blank\" rel=\"noopener\">remplir ses bouteilles de Camping Gaz<\/a><\/strong><\/span> quand le Carouf du coin n&rsquo;a pas de recharge.<\/li>\n<li>Retour d&rsquo;exp\u00e9rience sur les <span style=\"text-decoration: underline;\"><strong><a href=\"http:\/\/kouskeol.fr\/?p=5729\" target=\"_blank\" rel=\"noopener\">moyens de navigation<\/a><\/strong><\/span>&#8230;<\/li>\n<\/ul>\n\n\n<p><\/p>\n","protected":false},"excerpt":{"rendered":"<p>Ci-dessous une liste de dossiers sur divers aspects techniques que nous avons d\u00fb r\u00e9soudre sur Kousk Eol: Navigation \u00e9lectronique: comment nous avons \u00e9quip\u00e9 le bateau. Electricit\u00e9 \u00e0 bord: comment nous avons r\u00e9solu les probl\u00e8mes d&rsquo;\u00e9nergie. Mouillage: comment nous l&rsquo;avons organis\u00e9. Bout-dehors: comment nous l&rsquo;avons r\u00e9alis\u00e9 pour notre Code D. Transvaser du gas-oil sans en avaler: &hellip; <a href=\"https:\/\/kouskeol.fr\/?page_id=2002\" class=\"more-link\">Continuer la lecture de <span class=\"screen-reader-text\">Dossiers techniques<\/span>  <span class=\"meta-nav\">&rarr;<\/span><\/a><\/p>\n","protected":false},"author":1,"featured_media":0,"parent":0,"menu_order":10,"comment_status":"open","ping_status":"closed","template":"","meta":{"ngg_post_thumbnail":0,"footnotes":""},"class_list":["post-2002","page","type-page","status-publish","hentry"],"_links":{"self":[{"href":"https:\/\/kouskeol.fr\/index.php?rest_route=\/wp\/v2\/pages\/2002","targetHints":{"allow":["GET"]}}],"collection":[{"href":"https:\/\/kouskeol.fr\/index.php?rest_route=\/wp\/v2\/pages"}],"about":[{"href":"https:\/\/kouskeol.fr\/index.php?rest_route=\/wp\/v2\/types\/page"}],"author":[{"embeddable":true,"href":"https:\/\/kouskeol.fr\/index.php?rest_route=\/wp\/v2\/users\/1"}],"replies":[{"embeddable":true,"href":"https:\/\/kouskeol.fr\/index.php?rest_route=%2Fwp%2Fv2%2Fcomments&post=2002"}],"version-history":[{"count":15,"href":"https:\/\/kouskeol.fr\/index.php?rest_route=\/wp\/v2\/pages\/2002\/revisions"}],"predecessor-version":[{"id":5734,"href":"https:\/\/kouskeol.fr\/index.php?rest_route=\/wp\/v2\/pages\/2002\/revisions\/5734"}],"wp:attachment":[{"href":"https:\/\/kouskeol.fr\/index.php?rest_route=%2Fwp%2Fv2%2Fmedia&parent=2002"}],"curies":[{"name":"wp","href":"https:\/\/api.w.org\/{rel}","templated":true}]}}